{"id":5967,"date":"2020-04-01T00:00:58","date_gmt":"2020-03-31T22:00:58","guid":{"rendered":"https:\/\/www.monikaprikkelova.com\/ponuka-lekcie-vogue\/"},"modified":"2023-12-25T16:10:11","modified_gmt":"2023-12-25T14:10:11","slug":"offer","status":"publish","type":"page","link":"https:\/\/www.monikaprikkelova.com\/en\/offer\/","title":{"rendered":"Offer"},"content":{"rendered":"<div  class=\"one withsmallpadding ppb_header \" style=\"padding-bottom: 20px !important;text-align:center;padding:60px 0 60px 0;background-color:#ffffff;\" >\n<div class=\"standard_wrapper\">\n<div class=\"page_content_wrapper\">\n<div class=\"inner\">\n<div style=\"margin:auto;width:100%\">\n<h2 class=\"ppb_title\" style=\"\">What I offer you<\/h2>\n<div class=\"page_header_sep center\"><\/div>\n<\/div>\n<\/div>\n<\/div>\n<\/div>\n<\/div>\n<div  class=\"one withsmallpadding ppb_text\" style=\"padding:30px 0 30px 0;\" >\n<div class=\"standard_wrapper\">\n<div class=\"page_content_wrapper\">\n<div class=\"inner\">\n<div style=\"margin:auto;width:100%\">\n<p>I\u2019ll teach you to pose, to dance and to see yourself from a different perspective. It doesn\u2019t matter whether you are a dancer or not. That\u2019s why I like to say I am a movement coach  as well as a dance teacher. I can offer to make you a dance show, a dance fashion show, or I\u2019ll at least invite you to a Vogue ball, <a href=\"https:\/\/www.facebook.com\/events\/430267671191526\/\">The Ball of Shame<\/a>, which I hold every year in Bratislava.<\/p>\n<\/div>\n<\/div>\n<\/div>\n<\/div>\n<\/div>\n<div class=\"standard_wrapper\">\n<div  class=\"one_third withsmallpadding ppb_text\" style=\"padding:30px 0 30px 0;\" >\n<div class=\"standard_wrapper\">\n<div class=\"page_content_wrapper\">\n<div class=\"inner\">\n<div style=\"margin:auto;width:100%\">\n<h5 style=\"text-align: center;\">I want to learn Vogue and Heels dance<\/h5>\n<p><img loading=\"lazy\" decoding=\"async\" class=\"alignnone wp-image-4385 size-large\" src=\"https:\/\/www.monikaprikkelova.com\/wp-content\/uploads\/2020\/04\/CCCevent-55-1024x683.jpg\" alt=\"\" width=\"1024\" height=\"683\" srcset=\"https:\/\/www.monikaprikkelova.com\/wp-content\/uploads\/2020\/04\/CCCevent-55-1024x683.jpg 1024w, https:\/\/www.monikaprikkelova.com\/wp-content\/uploads\/2020\/04\/CCCevent-55-300x200.jpg 300w, https:\/\/www.monikaprikkelova.com\/wp-content\/uploads\/2020\/04\/CCCevent-55-768x512.jpg 768w, https:\/\/www.monikaprikkelova.com\/wp-content\/uploads\/2020\/04\/CCCevent-55-1536x1024.jpg 1536w, https:\/\/www.monikaprikkelova.com\/wp-content\/uploads\/2020\/04\/CCCevent-55-705x470.jpg 705w, https:\/\/www.monikaprikkelova.com\/wp-content\/uploads\/2020\/04\/CCCevent-55.jpg 1920w\" sizes=\"auto, (max-width: 1024px) 100vw, 1024px\" \/><\/p>\n<div class=\"video-container\"><iframe loading=\"lazy\" title=\"YouTube video player\" width=\"640\" height=\"385\" src=\"https:\/\/www.youtube.com\/embed\/L43bZueuxgs?theme=dark&#038;rel=0&#038;wmode=transparent\" frameborder=\"0\" allowfullscreen><\/iframe><\/div>\n<div class=\"video-container\"><iframe loading=\"lazy\" title=\"YouTube video player\" width=\"640\" height=\"385\" src=\"https:\/\/www.youtube.com\/embed\/-Cv0UjACp9c?theme=dark&#038;rel=0&#038;wmode=transparent\" frameborder=\"0\" allowfullscreen><\/iframe><\/div>\n<p>I teach regular Vogue  and Heels Dance open classes in Bratislava and they are open to all. Vogue is a dance style which is a part of a subculture known as Ballroom. We could also call it \u201efashion dance \u201c, or self-presentation. If you\u2019re interested in more details, check out my blog posts about Vogue.<\/p>\n<p>Dancing in high heels and a feminine presentation are two things on which I focus during my Heels Dance lessons. I teach non-dancer and beginner level classes, as well as those for intermediate dancers. I\u2019ll teach you the correct technique, musicality and self-presentation, all in an entertaining form.<\/p>\n<p><strong>VOGUE and HEELS DANCE<\/strong><\/p>\n<p><strong>Where:<\/strong> my private mondance  dance studio<br \/>\n<strong>When:<\/strong> DM me on my Instagram, <a href=\"https:\/\/www.instagram.com\/monnush\/\">@monnush<\/a>, where you\u2019ll also find up to date information about my regular classes in Bratislava, or email me at monika@mondance.sk<br \/>\n<strong>Level:<\/strong> the classes are divided into beginners, intermediate and seasoned<br \/>\n<strong>How to sign up:<\/strong> email me at monika@mondance.sk or DM me on Instagram <a href=\"https:\/\/www.instagram.com\/monnush\/\">@monnush<\/a><\/p>\n<p>I also teach private lessons and workshops. Contact me. I\u2019d be glad to travel to wherever you are.<\/p>\n<\/div>\n<\/div>\n<\/div>\n<\/div>\n<\/div>\n<\/div>\n<div class=\"standard_wrapper\">\n<div  class=\"one_third withsmallpadding ppb_text\" style=\"padding:30px 0 30px 0;\" >\n<div class=\"standard_wrapper\">\n<div class=\"page_content_wrapper\">\n<div class=\"inner\">\n<div style=\"margin:auto;width:100%\">\n<h5 style=\"text-align: center;\">I want a dance perormance<\/h5>\n<p><img loading=\"lazy\" decoding=\"async\" class=\"alignnone wp-image-4562 size-full\" src=\"https:\/\/www.monikaprikkelova.com\/wp-content\/uploads\/2020\/04\/mondance_agentura_madonna_vogue_blacwhite-e1586715726728.jpg\" alt=\"\" width=\"700\" height=\"463\" srcset=\"https:\/\/www.monikaprikkelova.com\/wp-content\/uploads\/2020\/04\/mondance_agentura_madonna_vogue_blacwhite-e1586715726728.jpg 700w, https:\/\/www.monikaprikkelova.com\/wp-content\/uploads\/2020\/04\/mondance_agentura_madonna_vogue_blacwhite-e1586715726728-300x198.jpg 300w\" sizes=\"auto, (max-width: 700px) 100vw, 700px\" \/><\/p>\n<div class=\"video-container\"><iframe loading=\"lazy\" title=\"YouTube video player\" width=\"640\" height=\"385\" src=\"https:\/\/www.youtube.com\/embed\/dlj_PXo6iJU?theme=dark&#038;rel=0&#038;wmode=transparent\" frameborder=\"0\" allowfullscreen><\/iframe><\/div>\n<div class=\"video-container\"><iframe loading=\"lazy\" title=\"YouTube video player\" width=\"640\" height=\"385\" src=\"https:\/\/www.youtube.com\/embed\/viylz1dcjuk?theme=dark&#038;rel=0&#038;wmode=transparent\" frameborder=\"0\" allowfullscreen><\/iframe><\/div>\n<p>My dance groups \u2013 mondance or House of Velvet \u2013 and I perform at various events \u2013 company parties and events, festivals, concerts and more. We can either rehearse a dance performance tailored to your wishes or choose one from our portfolio.<\/p>\n<p>I personally like dance fashion shows the best, as we can merge what we know best with what we know best \ud83d\ude42 My dancers are diverse and flexible .<\/p>\n<p>And yes, I also do solo performance.<\/p>\n<\/div>\n<\/div>\n<\/div>\n<\/div>\n<\/div>\n<\/div>\n<div class=\"standard_wrapper\">\n<div  class=\"one_third last withsmallpadding ppb_text\" style=\"padding:30px 0 30px 0;\" >\n<div class=\"standard_wrapper\">\n<div class=\"page_content_wrapper\">\n<div class=\"inner\">\n<div style=\"margin:auto;width:100%\">\n<h5 style=\"text-align: center;\">I want to see a Vogue ball<\/h5>\n<p><img loading=\"lazy\" decoding=\"async\" class=\"alignnone wp-image-4563 size-large\" src=\"https:\/\/www.monikaprikkelova.com\/wp-content\/uploads\/2020\/04\/Ball-of-shame_best-moments-11-1024x683.jpg\" alt=\"\" width=\"1024\" height=\"683\" srcset=\"https:\/\/www.monikaprikkelova.com\/wp-content\/uploads\/2020\/04\/Ball-of-shame_best-moments-11-1024x683.jpg 1024w, https:\/\/www.monikaprikkelova.com\/wp-content\/uploads\/2020\/04\/Ball-of-shame_best-moments-11-300x200.jpg 300w, https:\/\/www.monikaprikkelova.com\/wp-content\/uploads\/2020\/04\/Ball-of-shame_best-moments-11-768x512.jpg 768w, https:\/\/www.monikaprikkelova.com\/wp-content\/uploads\/2020\/04\/Ball-of-shame_best-moments-11-1536x1024.jpg 1536w, https:\/\/www.monikaprikkelova.com\/wp-content\/uploads\/2020\/04\/Ball-of-shame_best-moments-11-705x470.jpg 705w, https:\/\/www.monikaprikkelova.com\/wp-content\/uploads\/2020\/04\/Ball-of-shame_best-moments-11.jpg 1600w\" sizes=\"auto, (max-width: 1024px) 100vw, 1024px\" \/><\/p>\n<div class=\"video-container\"><iframe loading=\"lazy\" title=\"YouTube video player\" width=\"640\" height=\"385\" src=\"https:\/\/www.youtube.com\/embed\/lSZV_uJeJzI?theme=dark&#038;rel=0&#038;wmode=transparent\" frameborder=\"0\" allowfullscreen><\/iframe><\/div>\n<div class=\"video-container\"><iframe loading=\"lazy\" title=\"YouTube video player\" width=\"640\" height=\"385\" src=\"https:\/\/www.youtube.com\/embed\/HIqfbFSTzNI?theme=dark&#038;rel=0&#038;wmode=transparent\" frameborder=\"0\" allowfullscreen><\/iframe><\/div>\n<p>We put on a Vogue ball every year in Bratislava, ever since 2016. It\u2019s called The Ball of Shame (our first ball was called The Velvet Ball and the second one The Hunting Ball, from the third year on, we\u2019ve kept the name The Ball of Shame). In 2023, we plan to organize two balls in Bratislava:<\/p>\n<p><strong>22.04.2023 \u2013 Tepl\u00e1re\u0148 Kiki Ball in The P\u00e1lffy Palace on Z\u00e1mock\u00e1 Street<\/strong><\/p>\n<p><strong>23.09.2023 \u2013 Ball of Shame in Nov\u00e1 Cvernovka<\/strong><\/p>\n<p>Regarding the balls in the Central European area, you\u2019ll find them in Prague, Budapest, Vienna or Warsaw. They are organized in every European capital. If you\u2019re interested in more information about local events, follow <a href=\"https:\/\/www.instagram.com\/ballroomsceneczsk\/\">@ballroomsceneczsk<\/a> on Instagram.<\/p>\n<\/div>\n<\/div>\n<\/div>\n<\/div>\n<\/div>\n<\/div>\n","protected":false},"excerpt":{"rendered":"<p>What I offer you I\u2019ll teach you to pose, to dance and to see yourself from a different perspective. It doesn\u2019t matter whether you are a dancer or not. That\u2019s why I like to say I am a movement coach [&hellip;]<\/p>\n","protected":false},"author":1,"featured_media":0,"parent":0,"menu_order":0,"comment_status":"closed","ping_status":"closed","template":"","meta":{"rs_blank_template":"","rs_page_bg_color":"","slide_template_v7":"","footnotes":""},"class_list":["post-5967","page","type-page","status-publish","hentry"],"yoast_head":"<!-- This site is optimized with the Yoast SEO plugin v27.4 - https:\/\/yoast.com\/product\/yoast-seo-wordpress\/ -->\n<title>Offer - Monika Prikkelov\u00e1<\/title>\n<meta name=\"description\" content=\"Nau\u010d\u00edm v\u00e1s tancova\u0165 Vogue a ako objavi\u0165 svoju \u017eenskos\u0165 na mojej lekcii Heels dance. Pozvem v\u00e1s na Vogue b\u00e1l a pr\u00eddem zatancova\u0165 na va\u0161u akciu.\" \/>\n<meta name=\"robots\" content=\"index, follow, max-snippet:-1, max-image-preview:large, max-video-preview:-1\" \/>\n<link rel=\"canonical\" href=\"https:\/\/www.monikaprikkelova.com\/en\/offer\/\" \/>\n<meta property=\"og:locale\" content=\"en_US\" \/>\n<meta property=\"og:type\" content=\"article\" \/>\n<meta property=\"og:title\" content=\"Offer - Monika Prikkelov\u00e1\" \/>\n<meta property=\"og:description\" content=\"Nau\u010d\u00edm v\u00e1s tancova\u0165 Vogue a ako objavi\u0165 svoju \u017eenskos\u0165 na mojej lekcii Heels dance. Pozvem v\u00e1s na Vogue b\u00e1l a pr\u00eddem zatancova\u0165 na va\u0161u akciu.\" \/>\n<meta property=\"og:url\" content=\"https:\/\/www.monikaprikkelova.com\/en\/offer\/\" \/>\n<meta property=\"og:site_name\" content=\"Monika Prikkelov\u00e1\" \/>\n<meta property=\"article:modified_time\" content=\"2023-12-25T14:10:11+00:00\" \/>\n<meta property=\"og:image\" content=\"https:\/\/www.monikaprikkelova.com\/wp-content\/uploads\/2020\/04\/CCCevent-55-1024x683.jpg\" \/>\n<meta name=\"twitter:card\" content=\"summary_large_image\" \/>\n<meta name=\"twitter:label1\" content=\"Est. reading time\" \/>\n\t<meta name=\"twitter:data1\" content=\"3 minutes\" \/>\n<script type=\"application\/ld+json\" class=\"yoast-schema-graph\">{\"@context\":\"https:\\\/\\\/schema.org\",\"@graph\":[{\"@type\":\"WebPage\",\"@id\":\"https:\\\/\\\/www.monikaprikkelova.com\\\/en\\\/offer\\\/\",\"url\":\"https:\\\/\\\/www.monikaprikkelova.com\\\/en\\\/offer\\\/\",\"name\":\"Offer - Monika Prikkelov\u00e1\",\"isPartOf\":{\"@id\":\"https:\\\/\\\/www.monikaprikkelova.com\\\/#website\"},\"primaryImageOfPage\":{\"@id\":\"https:\\\/\\\/www.monikaprikkelova.com\\\/en\\\/offer\\\/#primaryimage\"},\"image\":{\"@id\":\"https:\\\/\\\/www.monikaprikkelova.com\\\/en\\\/offer\\\/#primaryimage\"},\"thumbnailUrl\":\"https:\\\/\\\/www.monikaprikkelova.com\\\/wp-content\\\/uploads\\\/2020\\\/04\\\/CCCevent-55-1024x683.jpg\",\"datePublished\":\"2020-03-31T22:00:58+00:00\",\"dateModified\":\"2023-12-25T14:10:11+00:00\",\"description\":\"Nau\u010d\u00edm v\u00e1s tancova\u0165 Vogue a ako objavi\u0165 svoju \u017eenskos\u0165 na mojej lekcii Heels dance. Pozvem v\u00e1s na Vogue b\u00e1l a pr\u00eddem zatancova\u0165 na va\u0161u akciu.\",\"breadcrumb\":{\"@id\":\"https:\\\/\\\/www.monikaprikkelova.com\\\/en\\\/offer\\\/#breadcrumb\"},\"inLanguage\":\"en-US\",\"potentialAction\":[{\"@type\":\"ReadAction\",\"target\":[\"https:\\\/\\\/www.monikaprikkelova.com\\\/en\\\/offer\\\/\"]}]},{\"@type\":\"ImageObject\",\"inLanguage\":\"en-US\",\"@id\":\"https:\\\/\\\/www.monikaprikkelova.com\\\/en\\\/offer\\\/#primaryimage\",\"url\":\"https:\\\/\\\/www.monikaprikkelova.com\\\/wp-content\\\/uploads\\\/2020\\\/04\\\/CCCevent-55-1024x683.jpg\",\"contentUrl\":\"https:\\\/\\\/www.monikaprikkelova.com\\\/wp-content\\\/uploads\\\/2020\\\/04\\\/CCCevent-55-1024x683.jpg\"},{\"@type\":\"BreadcrumbList\",\"@id\":\"https:\\\/\\\/www.monikaprikkelova.com\\\/en\\\/offer\\\/#breadcrumb\",\"itemListElement\":[{\"@type\":\"ListItem\",\"position\":1,\"name\":\"Home\",\"item\":\"https:\\\/\\\/www.monikaprikkelova.com\\\/en\\\/\"},{\"@type\":\"ListItem\",\"position\":2,\"name\":\"Offer\"}]},{\"@type\":\"WebSite\",\"@id\":\"https:\\\/\\\/www.monikaprikkelova.com\\\/#website\",\"url\":\"https:\\\/\\\/www.monikaprikkelova.com\\\/\",\"name\":\"Monika Prikkelov\u00e1\",\"description\":\"\",\"potentialAction\":[{\"@type\":\"SearchAction\",\"target\":{\"@type\":\"EntryPoint\",\"urlTemplate\":\"https:\\\/\\\/www.monikaprikkelova.com\\\/?s={search_term_string}\"},\"query-input\":{\"@type\":\"PropertyValueSpecification\",\"valueRequired\":true,\"valueName\":\"search_term_string\"}}],\"inLanguage\":\"en-US\"}]}<\/script>\n<!-- \/ Yoast SEO plugin. -->","yoast_head_json":{"title":"Offer - Monika Prikkelov\u00e1","description":"Nau\u010d\u00edm v\u00e1s tancova\u0165 Vogue a ako objavi\u0165 svoju \u017eenskos\u0165 na mojej lekcii Heels dance. Pozvem v\u00e1s na Vogue b\u00e1l a pr\u00eddem zatancova\u0165 na va\u0161u akciu.","robots":{"index":"index","follow":"follow","max-snippet":"max-snippet:-1","max-image-preview":"max-image-preview:large","max-video-preview":"max-video-preview:-1"},"canonical":"https:\/\/www.monikaprikkelova.com\/en\/offer\/","og_locale":"en_US","og_type":"article","og_title":"Offer - Monika Prikkelov\u00e1","og_description":"Nau\u010d\u00edm v\u00e1s tancova\u0165 Vogue a ako objavi\u0165 svoju \u017eenskos\u0165 na mojej lekcii Heels dance. Pozvem v\u00e1s na Vogue b\u00e1l a pr\u00eddem zatancova\u0165 na va\u0161u akciu.","og_url":"https:\/\/www.monikaprikkelova.com\/en\/offer\/","og_site_name":"Monika Prikkelov\u00e1","article_modified_time":"2023-12-25T14:10:11+00:00","og_image":[{"url":"https:\/\/www.monikaprikkelova.com\/wp-content\/uploads\/2020\/04\/CCCevent-55-1024x683.jpg","type":"","width":"","height":""}],"twitter_card":"summary_large_image","twitter_misc":{"Est. reading time":"3 minutes"},"schema":{"@context":"https:\/\/schema.org","@graph":[{"@type":"WebPage","@id":"https:\/\/www.monikaprikkelova.com\/en\/offer\/","url":"https:\/\/www.monikaprikkelova.com\/en\/offer\/","name":"Offer - Monika Prikkelov\u00e1","isPartOf":{"@id":"https:\/\/www.monikaprikkelova.com\/#website"},"primaryImageOfPage":{"@id":"https:\/\/www.monikaprikkelova.com\/en\/offer\/#primaryimage"},"image":{"@id":"https:\/\/www.monikaprikkelova.com\/en\/offer\/#primaryimage"},"thumbnailUrl":"https:\/\/www.monikaprikkelova.com\/wp-content\/uploads\/2020\/04\/CCCevent-55-1024x683.jpg","datePublished":"2020-03-31T22:00:58+00:00","dateModified":"2023-12-25T14:10:11+00:00","description":"Nau\u010d\u00edm v\u00e1s tancova\u0165 Vogue a ako objavi\u0165 svoju \u017eenskos\u0165 na mojej lekcii Heels dance. Pozvem v\u00e1s na Vogue b\u00e1l a pr\u00eddem zatancova\u0165 na va\u0161u akciu.","breadcrumb":{"@id":"https:\/\/www.monikaprikkelova.com\/en\/offer\/#breadcrumb"},"inLanguage":"en-US","potentialAction":[{"@type":"ReadAction","target":["https:\/\/www.monikaprikkelova.com\/en\/offer\/"]}]},{"@type":"ImageObject","inLanguage":"en-US","@id":"https:\/\/www.monikaprikkelova.com\/en\/offer\/#primaryimage","url":"https:\/\/www.monikaprikkelova.com\/wp-content\/uploads\/2020\/04\/CCCevent-55-1024x683.jpg","contentUrl":"https:\/\/www.monikaprikkelova.com\/wp-content\/uploads\/2020\/04\/CCCevent-55-1024x683.jpg"},{"@type":"BreadcrumbList","@id":"https:\/\/www.monikaprikkelova.com\/en\/offer\/#breadcrumb","itemListElement":[{"@type":"ListItem","position":1,"name":"Home","item":"https:\/\/www.monikaprikkelova.com\/en\/"},{"@type":"ListItem","position":2,"name":"Offer"}]},{"@type":"WebSite","@id":"https:\/\/www.monikaprikkelova.com\/#website","url":"https:\/\/www.monikaprikkelova.com\/","name":"Monika Prikkelov\u00e1","description":"","potentialAction":[{"@type":"SearchAction","target":{"@type":"EntryPoint","urlTemplate":"https:\/\/www.monikaprikkelova.com\/?s={search_term_string}"},"query-input":{"@type":"PropertyValueSpecification","valueRequired":true,"valueName":"search_term_string"}}],"inLanguage":"en-US"}]}},"_links":{"self":[{"href":"https:\/\/www.monikaprikkelova.com\/en\/wp-json\/wp\/v2\/pages\/5967","targetHints":{"allow":["GET"]}}],"collection":[{"href":"https:\/\/www.monikaprikkelova.com\/en\/wp-json\/wp\/v2\/pages"}],"about":[{"href":"https:\/\/www.monikaprikkelova.com\/en\/wp-json\/wp\/v2\/types\/page"}],"author":[{"embeddable":true,"href":"https:\/\/www.monikaprikkelova.com\/en\/wp-json\/wp\/v2\/users\/1"}],"replies":[{"embeddable":true,"href":"https:\/\/www.monikaprikkelova.com\/en\/wp-json\/wp\/v2\/comments?post=5967"}],"version-history":[{"count":3,"href":"https:\/\/www.monikaprikkelova.com\/en\/wp-json\/wp\/v2\/pages\/5967\/revisions"}],"predecessor-version":[{"id":5981,"href":"https:\/\/www.monikaprikkelova.com\/en\/wp-json\/wp\/v2\/pages\/5967\/revisions\/5981"}],"wp:attachment":[{"href":"https:\/\/www.monikaprikkelova.com\/en\/wp-json\/wp\/v2\/media?parent=5967"}],"curies":[{"name":"wp","href":"https:\/\/api.w.org\/{rel}","templated":true}]}}